{"id":2431,"date":"2024-08-29T14:32:51","date_gmt":"2024-08-29T17:32:51","guid":{"rendered":"https:\/\/historiaguara\u00ed.com.br\/?page_id=2431"},"modified":"2024-10-11T15:34:13","modified_gmt":"2024-10-11T18:34:13","slug":"sobre","status":"publish","type":"page","link":"https:\/\/historiaguara\u00ed.com.br\/?page_id=2431","title":{"rendered":"Sobre"},"content":{"rendered":"\t\t<div data-elementor-type=\"wp-page\" data-elementor-id=\"2431\" class=\"elementor elementor-2431\">\n\t\t\t\t<div class=\"elementor-element elementor-element-8179749 e-flex e-con-boxed wpr-particle-no wpr-jarallax-no wpr-parallax-no wpr-sticky-section-no e-con e-parent\" data-id=\"8179749\" data-element_type=\"container\" data-settings=\"{&quot;background_background&quot;:&quot;classic&quot;}\">\n\t\t\t\t\t<div class=\"e-con-inner\">\n\t\t<div class=\"elementor-element elementor-element-137bbae e-con-full e-flex wpr-particle-no wpr-jarallax-no wpr-parallax-no wpr-sticky-section-no e-con e-child\" data-id=\"137bbae\" data-element_type=\"container\">\n\t\t\t\t<div class=\"elementor-element elementor-element-f072f60 elementor-widget elementor-widget-heading\" data-id=\"f072f60\" data-element_type=\"widget\" data-widget_type=\"heading.default\">\n\t\t\t\t<div class=\"elementor-widget-container\">\n\t\t\t<h2 class=\"elementor-heading-title elementor-size-default\">O autor<\/h2>\t\t<\/div>\n\t\t\t\t<\/div>\n\t\t\t\t<div class=\"elementor-element elementor-element-d4f0083 elementor-widget elementor-widget-text-editor\" data-id=\"d4f0083\" data-element_type=\"widget\" data-widget_type=\"text-editor.default\">\n\t\t\t\t<div class=\"elementor-widget-container\">\n\t\t\t\t\t\t\t<p><strong>Dionathan Soares Fragoso<\/strong>, mestre de Ensino de Hist\u00f3ria (ProfHist\u00f3ria &#8211; Mestrado Profissional em Ensino de Hist\u00f3ria \u2013 UFNT), pesquisa a rela\u00e7\u00e3o entre Hist\u00f3ria Local, Identidade e Mem\u00f3ria com os alunos do Centro de Ensino M\u00e9dio Oquerlinas Torres. \u00c9 tamb\u00e9m especialista em Sociologia (Est\u00e1cio), graduado em Hist\u00f3ria (Est\u00e1cio) e Teologia (UNASP-EC). O docente atua como professor da Educa\u00e7\u00e3o B\u00e1sica da rede p\u00fablica do Estado do Tocantins e na rede privada de ensino.\u00a0<\/p>\t\t\t\t\t\t<\/div>\n\t\t\t\t<\/div>\n\t\t\t\t<\/div>\n\t\t<div class=\"elementor-element elementor-element-e7c6e69 e-con-full e-flex wpr-particle-no wpr-jarallax-no wpr-parallax-no wpr-sticky-section-no e-con e-child\" data-id=\"e7c6e69\" data-element_type=\"container\">\n\t\t\t\t<div class=\"elementor-element elementor-element-17eee87 elementor-widget elementor-widget-image\" data-id=\"17eee87\" data-element_type=\"widget\" data-widget_type=\"image.default\">\n\t\t\t\t<div class=\"elementor-widget-container\">\n\t\t\t\t\t\t\t\t\t\t\t\t\t<img fetchpriority=\"high\" decoding=\"async\" width=\"300\" height=\"300\" src=\"https:\/\/historiaguara\u00ed.com.br\/wp-content\/uploads\/2024\/10\/Nathan_001-300x300.png\" class=\"attachment-medium size-medium wp-image-2584\" alt=\"\" srcset=\"https:\/\/historiaguara\u00ed.com.br\/wp-content\/uploads\/2024\/10\/Nathan_001-300x300.png 300w, https:\/\/historiaguara\u00ed.com.br\/wp-content\/uploads\/2024\/10\/Nathan_001-150x150.png 150w, https:\/\/historiaguara\u00ed.com.br\/wp-content\/uploads\/2024\/10\/Nathan_001-230x230.png 230w, https:\/\/historiaguara\u00ed.com.br\/wp-content\/uploads\/2024\/10\/Nathan_001-400x400.png 400w, https:\/\/historiaguara\u00ed.com.br\/wp-content\/uploads\/2024\/10\/Nathan_001.png 500w\" sizes=\"(max-width: 300px) 100vw, 300px\" \/>\t\t\t\t\t\t\t\t\t\t\t\t\t<\/div>\n\t\t\t\t<\/div>\n\t\t\t\t<\/div>\n\t\t\t\t\t<\/div>\n\t\t\t\t<\/div>\n\t\t<div class=\"elementor-element elementor-element-5377e3d e-flex e-con-boxed wpr-particle-no wpr-jarallax-no wpr-parallax-no wpr-sticky-section-no e-con e-parent\" data-id=\"5377e3d\" data-element_type=\"container\" data-settings=\"{&quot;background_background&quot;:&quot;classic&quot;}\">\n\t\t\t\t\t<div class=\"e-con-inner\">\n\t\t\t\t<div class=\"elementor-element elementor-element-022aff4 elementor-widget elementor-widget-heading\" data-id=\"022aff4\" data-element_type=\"widget\" data-widget_type=\"heading.default\">\n\t\t\t\t<div class=\"elementor-widget-container\">\n\t\t\t<h3 class=\"elementor-heading-title elementor-size-default\">Os entrevistados<\/h3>\t\t<\/div>\n\t\t\t\t<\/div>\n\t\t<div class=\"elementor-element elementor-element-34fa438 e-grid e-con-full wpr-particle-no wpr-jarallax-no wpr-parallax-no wpr-sticky-section-no e-con e-child\" data-id=\"34fa438\" data-element_type=\"container\">\n\t\t\t\t<div class=\"elementor-element elementor-element-502e0c2 elementor-position-top elementor-widget elementor-widget-image-box\" data-id=\"502e0c2\" data-element_type=\"widget\" data-widget_type=\"image-box.default\">\n\t\t\t\t<div class=\"elementor-widget-container\">\n\t\t\t<div class=\"elementor-image-box-wrapper\"><figure class=\"elementor-image-box-img\"><img decoding=\"async\" width=\"500\" height=\"500\" src=\"https:\/\/historiaguara\u00ed.com.br\/wp-content\/uploads\/2024\/10\/Juceleide_001.png\" class=\"attachment-full size-full wp-image-2583\" alt=\"\" srcset=\"https:\/\/historiaguara\u00ed.com.br\/wp-content\/uploads\/2024\/10\/Juceleide_001.png 500w, https:\/\/historiaguara\u00ed.com.br\/wp-content\/uploads\/2024\/10\/Juceleide_001-300x300.png 300w, https:\/\/historiaguara\u00ed.com.br\/wp-content\/uploads\/2024\/10\/Juceleide_001-150x150.png 150w, https:\/\/historiaguara\u00ed.com.br\/wp-content\/uploads\/2024\/10\/Juceleide_001-230x230.png 230w, https:\/\/historiaguara\u00ed.com.br\/wp-content\/uploads\/2024\/10\/Juceleide_001-400x400.png 400w\" sizes=\"(max-width: 500px) 100vw, 500px\" \/><\/figure><div class=\"elementor-image-box-content\"><h3 class=\"elementor-image-box-title\">Juceleide Barbosa da Silva<\/h3><p class=\"elementor-image-box-description\">O relato de Juceleide \u00e9 importante por retratar a comunidade \u2018Beira-Rio\u2019, onde v\u00e1rias fam\u00edlias viveram por um longo per\u00edodo. Isso ocorreu mesmo durante uma \u00e9poca em que muitas pessoas se dirigiam para as cidades em forma\u00e7\u00e3o ao longo do eixo da rodovia Bel\u00e9m-Bras\u00edlia.<\/p><\/div><\/div>\t\t<\/div>\n\t\t\t\t<\/div>\n\t\t\t\t<div class=\"elementor-element elementor-element-81a843e elementor-position-top elementor-widget elementor-widget-image-box\" data-id=\"81a843e\" data-element_type=\"widget\" data-widget_type=\"image-box.default\">\n\t\t\t\t<div class=\"elementor-widget-container\">\n\t\t\t<div class=\"elementor-image-box-wrapper\"><figure class=\"elementor-image-box-img\"><img decoding=\"async\" width=\"500\" height=\"500\" src=\"https:\/\/historiaguara\u00ed.com.br\/wp-content\/uploads\/2024\/10\/Izabel_001.png\" class=\"attachment-full size-full wp-image-2582\" alt=\"\" srcset=\"https:\/\/historiaguara\u00ed.com.br\/wp-content\/uploads\/2024\/10\/Izabel_001.png 500w, https:\/\/historiaguara\u00ed.com.br\/wp-content\/uploads\/2024\/10\/Izabel_001-300x300.png 300w, https:\/\/historiaguara\u00ed.com.br\/wp-content\/uploads\/2024\/10\/Izabel_001-150x150.png 150w, https:\/\/historiaguara\u00ed.com.br\/wp-content\/uploads\/2024\/10\/Izabel_001-230x230.png 230w, https:\/\/historiaguara\u00ed.com.br\/wp-content\/uploads\/2024\/10\/Izabel_001-400x400.png 400w\" sizes=\"(max-width: 500px) 100vw, 500px\" \/><\/figure><div class=\"elementor-image-box-content\"><h3 class=\"elementor-image-box-title\">Izabel Dias Silva<\/h3><p class=\"elementor-image-box-description\">Ela \u00e9 a filha mais velha de Pac\u00edfico Silva e nasceu em 1947, em Tupirama. Tinha 12 anos durante a constru\u00e7\u00e3o da Bel\u00e9m-Bras\u00edlia (1958-1960). Ela recorda que o \u2018desbravamento da Bel\u00e9m-Bras\u00edlia\u2019 foi algo marcante em suas vidas.<\/p><\/div><\/div>\t\t<\/div>\n\t\t\t\t<\/div>\n\t\t\t\t<div class=\"elementor-element elementor-element-8887697 elementor-position-top elementor-widget elementor-widget-image-box\" data-id=\"8887697\" data-element_type=\"widget\" data-widget_type=\"image-box.default\">\n\t\t\t\t<div class=\"elementor-widget-container\">\n\t\t\t<div class=\"elementor-image-box-wrapper\"><figure class=\"elementor-image-box-img\"><img loading=\"lazy\" decoding=\"async\" width=\"500\" height=\"500\" src=\"https:\/\/historiaguara\u00ed.com.br\/wp-content\/uploads\/2024\/10\/Oswaldo_001.png\" class=\"attachment-full size-full wp-image-2585\" alt=\"\" srcset=\"https:\/\/historiaguara\u00ed.com.br\/wp-content\/uploads\/2024\/10\/Oswaldo_001.png 500w, https:\/\/historiaguara\u00ed.com.br\/wp-content\/uploads\/2024\/10\/Oswaldo_001-300x300.png 300w, https:\/\/historiaguara\u00ed.com.br\/wp-content\/uploads\/2024\/10\/Oswaldo_001-150x150.png 150w, https:\/\/historiaguara\u00ed.com.br\/wp-content\/uploads\/2024\/10\/Oswaldo_001-230x230.png 230w, https:\/\/historiaguara\u00ed.com.br\/wp-content\/uploads\/2024\/10\/Oswaldo_001-400x400.png 400w\" sizes=\"(max-width: 500px) 100vw, 500px\" \/><\/figure><div class=\"elementor-image-box-content\"><h3 class=\"elementor-image-box-title\">Onildo Pereira de Souza <\/h3><p class=\"elementor-image-box-description\">Nasceu em Tupirama em 1950, sendo o nono entre 21 filhos em sua fam\u00edlia. Cresceu e viveu na fazenda chamada Barreirinho at\u00e9 os 19 anos de idade, em 1969. Em 1970, mudou-se para a cidade de Guara\u00ed. Sua hist\u00f3ria \u00e9 importante por ser uma das testemunhas oculares dos acontecimentos relacionados \u00e0 constru\u00e7\u00e3o da Bel\u00e9m-Bras\u00edlia, que ocorreu do final da d\u00e9cada de 1950 at\u00e9 1970. Seu relato ajuda a compreender aquele contexto social, assim como as condi\u00e7\u00f5es de trabalho.<\/p><\/div><\/div>\t\t<\/div>\n\t\t\t\t<\/div>\n\t\t\t\t<div class=\"elementor-element elementor-element-a144519 elementor-position-top elementor-widget elementor-widget-image-box\" data-id=\"a144519\" data-element_type=\"widget\" data-widget_type=\"image-box.default\">\n\t\t\t\t<div class=\"elementor-widget-container\">\n\t\t\t<div class=\"elementor-image-box-wrapper\"><figure class=\"elementor-image-box-img\"><img loading=\"lazy\" decoding=\"async\" width=\"500\" height=\"500\" src=\"https:\/\/historiaguara\u00ed.com.br\/wp-content\/uploads\/2024\/10\/Constancia_001.png\" class=\"attachment-full size-full wp-image-2586\" alt=\"\" srcset=\"https:\/\/historiaguara\u00ed.com.br\/wp-content\/uploads\/2024\/10\/Constancia_001.png 500w, https:\/\/historiaguara\u00ed.com.br\/wp-content\/uploads\/2024\/10\/Constancia_001-300x300.png 300w, https:\/\/historiaguara\u00ed.com.br\/wp-content\/uploads\/2024\/10\/Constancia_001-150x150.png 150w, https:\/\/historiaguara\u00ed.com.br\/wp-content\/uploads\/2024\/10\/Constancia_001-230x230.png 230w, https:\/\/historiaguara\u00ed.com.br\/wp-content\/uploads\/2024\/10\/Constancia_001-400x400.png 400w\" sizes=\"(max-width: 500px) 100vw, 500px\" \/><\/figure><div class=\"elementor-image-box-content\"><h3 class=\"elementor-image-box-title\">Const\u00e2ncia Noronha Aguiar <\/h3><p class=\"elementor-image-box-description\">Nasceu em S\u00e3o F\u00e9lix de Balsas, Maranh\u00e3o, em 1937. Em 1943, ela e sua fam\u00edlia mudaram-se para a regi\u00e3o de Tupirama. Posteriormente, ela e seu esposo mudaram-se para o povoado Guar\u00e1 em 1962. O relato de Const\u00e2ncia descreve sua migra\u00e7\u00e3o com a fam\u00edlia, a mudan\u00e7a para a fazenda Tucum e sua participa\u00e7\u00e3o na comunidade. A entrevista tamb\u00e9m aborda a abertura da Rodovia Bel\u00e9m-Bras\u00edlia, os garimpos e os desafios enfrentados na \u00e9poca, como a falta de eletricidade e \u00e1gua no povoado Guar\u00e1.<\/p><\/div><\/div>\t\t<\/div>\n\t\t\t\t<\/div>\n\t\t\t\t<\/div>\n\t\t\t\t\t<\/div>\n\t\t\t\t<\/div>\n\t\t\t\t<\/div>\n\t\t","protected":false},"excerpt":{"rendered":"<p>O autor Dionathan Soares Fragoso, mestre de Ensino de Hist\u00f3ria (ProfHist\u00f3ria &#8211; Mestrado Profissional em Ensino de Hist\u00f3ria \u2013 UFNT), pesquisa a rela\u00e7\u00e3o entre Hist\u00f3ria Local, Identidade e Mem\u00f3ria com os alunos do Centro de Ensino M\u00e9dio Oquerlinas Torres. \u00c9 tamb\u00e9m especialista em Sociologia (Est\u00e1cio), graduado em Hist\u00f3ria (Est\u00e1cio) e Teologia (UNASP-EC). O docente atua como professor da Educa\u00e7\u00e3o B\u00e1sica da rede p\u00fablica do Estado do Tocantins e na rede privada de ensino.\u00a0 Os entrevistados Juceleide Barbosa da Silva O relato de Juceleide \u00e9 importante por retratar a comunidade \u2018Beira-Rio\u2019, onde v\u00e1rias fam\u00edlias viveram por um longo per\u00edodo. Isso ocorreu mesmo durante uma \u00e9poca em que muitas pessoas se dirigiam para as cidades em forma\u00e7\u00e3o ao longo do eixo da rodovia Bel\u00e9m-Bras\u00edlia. Izabel Dias Silva Ela \u00e9 a filha mais velha de Pac\u00edfico Silva e nasceu em 1947, em Tupirama. Tinha 12 anos durante a constru\u00e7\u00e3o da Bel\u00e9m-Bras\u00edlia (1958-1960). Ela recorda que o \u2018desbravamento da Bel\u00e9m-Bras\u00edlia\u2019 foi algo marcante em suas vidas. Onildo Pereira de Souza Nasceu em Tupirama em 1950, sendo o nono entre 21 filhos em sua fam\u00edlia. Cresceu e viveu na fazenda chamada Barreirinho at\u00e9 os 19 anos de idade, em 1969. Em 1970, mudou-se para a cidade de Guara\u00ed. Sua hist\u00f3ria \u00e9 importante por ser uma das testemunhas oculares dos acontecimentos relacionados \u00e0 constru\u00e7\u00e3o da Bel\u00e9m-Bras\u00edlia, que ocorreu do final da d\u00e9cada de 1950 at\u00e9 1970. Seu relato ajuda a compreender aquele contexto social, assim como as condi\u00e7\u00f5es de trabalho. Const\u00e2ncia Noronha Aguiar Nasceu em S\u00e3o F\u00e9lix de Balsas, Maranh\u00e3o, em 1937. Em 1943, ela e sua fam\u00edlia mudaram-se para a regi\u00e3o de Tupirama. Posteriormente, ela e seu esposo mudaram-se para o povoado Guar\u00e1 em 1962. O relato de Const\u00e2ncia descreve sua migra\u00e7\u00e3o com a fam\u00edlia, a mudan\u00e7a para a fazenda Tucum e sua participa\u00e7\u00e3o na comunidade. A entrevista tamb\u00e9m aborda a abertura da Rodovia Bel\u00e9m-Bras\u00edlia, os garimpos e os desafios enfrentados na \u00e9poca, como a falta de eletricidade e \u00e1gua no povoado Guar\u00e1.<\/p>\n","protected":false},"author":1,"featured_media":0,"parent":0,"menu_order":0,"comment_status":"closed","ping_status":"closed","template":"elementor_header_footer","meta":{"_monsterinsights_skip_tracking":false,"_monsterinsights_sitenote_active":false,"_monsterinsights_sitenote_note":"","_monsterinsights_sitenote_category":0,"footnotes":""},"class_list":["post-2431","page","type-page","status-publish","hentry"],"yoast_head":"<!-- This site is optimized with the Yoast SEO plugin v23.8 - https:\/\/yoast.com\/wordpress\/plugins\/seo\/ -->\n<title>Sobre - Estradas e Hist\u00f3rias<\/title>\n<meta name=\"robots\" content=\"index, follow, max-snippet:-1, max-image-preview:large, max-video-preview:-1\" \/>\n<link rel=\"canonical\" href=\"https:\/\/historiaguara\u00ed.com.br\/?page_id=2431\" \/>\n<meta property=\"og:locale\" content=\"pt_BR\" \/>\n<meta property=\"og:type\" content=\"article\" \/>\n<meta property=\"og:title\" content=\"Sobre - Estradas e Hist\u00f3rias\" \/>\n<meta property=\"og:description\" content=\"O autor Dionathan Soares Fragoso, mestre de Ensino de Hist\u00f3ria (ProfHist\u00f3ria &#8211; Mestrado Profissional em Ensino de Hist\u00f3ria \u2013 UFNT), pesquisa a rela\u00e7\u00e3o entre Hist\u00f3ria Local, Identidade e Mem\u00f3ria com os alunos do Centro de Ensino M\u00e9dio Oquerlinas Torres. \u00c9 tamb\u00e9m especialista em Sociologia (Est\u00e1cio), graduado em Hist\u00f3ria (Est\u00e1cio) e Teologia (UNASP-EC). O docente atua como professor da Educa\u00e7\u00e3o B\u00e1sica da rede p\u00fablica do Estado do Tocantins e na rede privada de ensino.\u00a0 Os entrevistados Juceleide Barbosa da Silva O relato de Juceleide \u00e9 importante por retratar a comunidade \u2018Beira-Rio\u2019, onde v\u00e1rias fam\u00edlias viveram por um longo per\u00edodo. Isso ocorreu mesmo durante uma \u00e9poca em que muitas pessoas se dirigiam para as cidades em forma\u00e7\u00e3o ao longo do eixo da rodovia Bel\u00e9m-Bras\u00edlia. Izabel Dias Silva Ela \u00e9 a filha mais velha de Pac\u00edfico Silva e nasceu em 1947, em Tupirama. Tinha 12 anos durante a constru\u00e7\u00e3o da Bel\u00e9m-Bras\u00edlia (1958-1960). Ela recorda que o \u2018desbravamento da Bel\u00e9m-Bras\u00edlia\u2019 foi algo marcante em suas vidas. Onildo Pereira de Souza Nasceu em Tupirama em 1950, sendo o nono entre 21 filhos em sua fam\u00edlia. Cresceu e viveu na fazenda chamada Barreirinho at\u00e9 os 19 anos de idade, em 1969. Em 1970, mudou-se para a cidade de Guara\u00ed. Sua hist\u00f3ria \u00e9 importante por ser uma das testemunhas oculares dos acontecimentos relacionados \u00e0 constru\u00e7\u00e3o da Bel\u00e9m-Bras\u00edlia, que ocorreu do final da d\u00e9cada de 1950 at\u00e9 1970. Seu relato ajuda a compreender aquele contexto social, assim como as condi\u00e7\u00f5es de trabalho. Const\u00e2ncia Noronha Aguiar Nasceu em S\u00e3o F\u00e9lix de Balsas, Maranh\u00e3o, em 1937. Em 1943, ela e sua fam\u00edlia mudaram-se para a regi\u00e3o de Tupirama. Posteriormente, ela e seu esposo mudaram-se para o povoado Guar\u00e1 em 1962. O relato de Const\u00e2ncia descreve sua migra\u00e7\u00e3o com a fam\u00edlia, a mudan\u00e7a para a fazenda Tucum e sua participa\u00e7\u00e3o na comunidade. A entrevista tamb\u00e9m aborda a abertura da Rodovia Bel\u00e9m-Bras\u00edlia, os garimpos e os desafios enfrentados na \u00e9poca, como a falta de eletricidade e \u00e1gua no povoado Guar\u00e1.\" \/>\n<meta property=\"og:url\" content=\"https:\/\/historiaguara\u00ed.com.br\/?page_id=2431\" \/>\n<meta property=\"og:site_name\" content=\"Estradas e Hist\u00f3rias\" \/>\n<meta property=\"article:modified_time\" content=\"2024-10-11T18:34:13+00:00\" \/>\n<meta property=\"og:image\" content=\"https:\/\/historiaguara\u00ed.com.br\/wp-content\/uploads\/2024\/08\/marca_2.png\" \/>\n\t<meta property=\"og:image:width\" content=\"251\" \/>\n\t<meta property=\"og:image:height\" content=\"84\" \/>\n\t<meta property=\"og:image:type\" content=\"image\/png\" \/>\n<meta name=\"twitter:card\" content=\"summary_large_image\" \/>\n<meta name=\"twitter:label1\" content=\"Est. tempo de leitura\" \/>\n\t<meta name=\"twitter:data1\" content=\"3 minutos\" \/>\n<script type=\"application\/ld+json\" class=\"yoast-schema-graph\">{\"@context\":\"https:\/\/schema.org\",\"@graph\":[{\"@type\":\"WebPage\",\"@id\":\"https:\/\/historiaguara\u00ed.com.br\/?page_id=2431\",\"url\":\"https:\/\/historiaguara\u00ed.com.br\/?page_id=2431\",\"name\":\"Sobre - Estradas e Hist\u00f3rias\",\"isPartOf\":{\"@id\":\"https:\/\/historiaguara\u00ed.com.br\/#website\"},\"datePublished\":\"2024-08-29T17:32:51+00:00\",\"dateModified\":\"2024-10-11T18:34:13+00:00\",\"breadcrumb\":{\"@id\":\"https:\/\/historiaguara\u00ed.com.br\/?page_id=2431#breadcrumb\"},\"inLanguage\":\"pt-BR\",\"potentialAction\":[{\"@type\":\"ReadAction\",\"target\":[\"https:\/\/historiaguara\u00ed.com.br\/?page_id=2431\"]}]},{\"@type\":\"BreadcrumbList\",\"@id\":\"https:\/\/historiaguara\u00ed.com.br\/?page_id=2431#breadcrumb\",\"itemListElement\":[{\"@type\":\"ListItem\",\"position\":1,\"name\":\"In\u00edcio\",\"item\":\"https:\/\/historiaguara\u00ed.com.br\/\"},{\"@type\":\"ListItem\",\"position\":2,\"name\":\"Sobre\"}]},{\"@type\":\"WebSite\",\"@id\":\"https:\/\/historiaguara\u00ed.com.br\/#website\",\"url\":\"https:\/\/historiaguara\u00ed.com.br\/\",\"name\":\"Estradas e Hist\u00f3rias\",\"description\":\"Conhe\u00e7a a rodovia Bel\u00e9m-Bras\u00edlia pela mem\u00f3ria\",\"publisher\":{\"@id\":\"https:\/\/historiaguara\u00ed.com.br\/#organization\"},\"potentialAction\":[{\"@type\":\"SearchAction\",\"target\":{\"@type\":\"EntryPoint\",\"urlTemplate\":\"https:\/\/historiaguara\u00ed.com.br\/?s={search_term_string}\"},\"query-input\":{\"@type\":\"PropertyValueSpecification\",\"valueRequired\":true,\"valueName\":\"search_term_string\"}}],\"inLanguage\":\"pt-BR\"},{\"@type\":\"Organization\",\"@id\":\"https:\/\/historiaguara\u00ed.com.br\/#organization\",\"name\":\"Estradas e Hist\u00f3rias\",\"url\":\"https:\/\/historiaguara\u00ed.com.br\/\",\"logo\":{\"@type\":\"ImageObject\",\"inLanguage\":\"pt-BR\",\"@id\":\"https:\/\/historiaguara\u00ed.com.br\/#\/schema\/logo\/image\/\",\"url\":\"https:\/\/historiaguara\u00ed.com.br\/wp-content\/uploads\/2024\/08\/marca_2.png\",\"contentUrl\":\"https:\/\/historiaguara\u00ed.com.br\/wp-content\/uploads\/2024\/08\/marca_2.png\",\"width\":251,\"height\":84,\"caption\":\"Estradas e Hist\u00f3rias\"},\"image\":{\"@id\":\"https:\/\/historiaguara\u00ed.com.br\/#\/schema\/logo\/image\/\"}}]}<\/script>\n<!-- \/ Yoast SEO plugin. -->","yoast_head_json":{"title":"Sobre - Estradas e Hist\u00f3rias","robots":{"index":"index","follow":"follow","max-snippet":"max-snippet:-1","max-image-preview":"max-image-preview:large","max-video-preview":"max-video-preview:-1"},"canonical":"https:\/\/historiaguara\u00ed.com.br\/?page_id=2431","og_locale":"pt_BR","og_type":"article","og_title":"Sobre - Estradas e Hist\u00f3rias","og_description":"O autor Dionathan Soares Fragoso, mestre de Ensino de Hist\u00f3ria (ProfHist\u00f3ria &#8211; Mestrado Profissional em Ensino de Hist\u00f3ria \u2013 UFNT), pesquisa a rela\u00e7\u00e3o entre Hist\u00f3ria Local, Identidade e Mem\u00f3ria com os alunos do Centro de Ensino M\u00e9dio Oquerlinas Torres. \u00c9 tamb\u00e9m especialista em Sociologia (Est\u00e1cio), graduado em Hist\u00f3ria (Est\u00e1cio) e Teologia (UNASP-EC). O docente atua como professor da Educa\u00e7\u00e3o B\u00e1sica da rede p\u00fablica do Estado do Tocantins e na rede privada de ensino.\u00a0 Os entrevistados Juceleide Barbosa da Silva O relato de Juceleide \u00e9 importante por retratar a comunidade \u2018Beira-Rio\u2019, onde v\u00e1rias fam\u00edlias viveram por um longo per\u00edodo. Isso ocorreu mesmo durante uma \u00e9poca em que muitas pessoas se dirigiam para as cidades em forma\u00e7\u00e3o ao longo do eixo da rodovia Bel\u00e9m-Bras\u00edlia. Izabel Dias Silva Ela \u00e9 a filha mais velha de Pac\u00edfico Silva e nasceu em 1947, em Tupirama. Tinha 12 anos durante a constru\u00e7\u00e3o da Bel\u00e9m-Bras\u00edlia (1958-1960). Ela recorda que o \u2018desbravamento da Bel\u00e9m-Bras\u00edlia\u2019 foi algo marcante em suas vidas. Onildo Pereira de Souza Nasceu em Tupirama em 1950, sendo o nono entre 21 filhos em sua fam\u00edlia. Cresceu e viveu na fazenda chamada Barreirinho at\u00e9 os 19 anos de idade, em 1969. Em 1970, mudou-se para a cidade de Guara\u00ed. Sua hist\u00f3ria \u00e9 importante por ser uma das testemunhas oculares dos acontecimentos relacionados \u00e0 constru\u00e7\u00e3o da Bel\u00e9m-Bras\u00edlia, que ocorreu do final da d\u00e9cada de 1950 at\u00e9 1970. Seu relato ajuda a compreender aquele contexto social, assim como as condi\u00e7\u00f5es de trabalho. Const\u00e2ncia Noronha Aguiar Nasceu em S\u00e3o F\u00e9lix de Balsas, Maranh\u00e3o, em 1937. Em 1943, ela e sua fam\u00edlia mudaram-se para a regi\u00e3o de Tupirama. Posteriormente, ela e seu esposo mudaram-se para o povoado Guar\u00e1 em 1962. O relato de Const\u00e2ncia descreve sua migra\u00e7\u00e3o com a fam\u00edlia, a mudan\u00e7a para a fazenda Tucum e sua participa\u00e7\u00e3o na comunidade. A entrevista tamb\u00e9m aborda a abertura da Rodovia Bel\u00e9m-Bras\u00edlia, os garimpos e os desafios enfrentados na \u00e9poca, como a falta de eletricidade e \u00e1gua no povoado Guar\u00e1.","og_url":"https:\/\/historiaguara\u00ed.com.br\/?page_id=2431","og_site_name":"Estradas e Hist\u00f3rias","article_modified_time":"2024-10-11T18:34:13+00:00","og_image":[{"width":251,"height":84,"url":"https:\/\/historiaguara\u00ed.com.br\/wp-content\/uploads\/2024\/08\/marca_2.png","type":"image\/png"}],"twitter_card":"summary_large_image","twitter_misc":{"Est. tempo de leitura":"3 minutos"},"schema":{"@context":"https:\/\/schema.org","@graph":[{"@type":"WebPage","@id":"https:\/\/historiaguara\u00ed.com.br\/?page_id=2431","url":"https:\/\/historiaguara\u00ed.com.br\/?page_id=2431","name":"Sobre - Estradas e Hist\u00f3rias","isPartOf":{"@id":"https:\/\/historiaguara\u00ed.com.br\/#website"},"datePublished":"2024-08-29T17:32:51+00:00","dateModified":"2024-10-11T18:34:13+00:00","breadcrumb":{"@id":"https:\/\/historiaguara\u00ed.com.br\/?page_id=2431#breadcrumb"},"inLanguage":"pt-BR","potentialAction":[{"@type":"ReadAction","target":["https:\/\/historiaguara\u00ed.com.br\/?page_id=2431"]}]},{"@type":"BreadcrumbList","@id":"https:\/\/historiaguara\u00ed.com.br\/?page_id=2431#breadcrumb","itemListElement":[{"@type":"ListItem","position":1,"name":"In\u00edcio","item":"https:\/\/historiaguara\u00ed.com.br\/"},{"@type":"ListItem","position":2,"name":"Sobre"}]},{"@type":"WebSite","@id":"https:\/\/historiaguara\u00ed.com.br\/#website","url":"https:\/\/historiaguara\u00ed.com.br\/","name":"Estradas e Hist\u00f3rias","description":"Conhe\u00e7a a rodovia Bel\u00e9m-Bras\u00edlia pela mem\u00f3ria","publisher":{"@id":"https:\/\/historiaguara\u00ed.com.br\/#organization"},"potentialAction":[{"@type":"SearchAction","target":{"@type":"EntryPoint","urlTemplate":"https:\/\/historiaguara\u00ed.com.br\/?s={search_term_string}"},"query-input":{"@type":"PropertyValueSpecification","valueRequired":true,"valueName":"search_term_string"}}],"inLanguage":"pt-BR"},{"@type":"Organization","@id":"https:\/\/historiaguara\u00ed.com.br\/#organization","name":"Estradas e Hist\u00f3rias","url":"https:\/\/historiaguara\u00ed.com.br\/","logo":{"@type":"ImageObject","inLanguage":"pt-BR","@id":"https:\/\/historiaguara\u00ed.com.br\/#\/schema\/logo\/image\/","url":"https:\/\/historiaguara\u00ed.com.br\/wp-content\/uploads\/2024\/08\/marca_2.png","contentUrl":"https:\/\/historiaguara\u00ed.com.br\/wp-content\/uploads\/2024\/08\/marca_2.png","width":251,"height":84,"caption":"Estradas e Hist\u00f3rias"},"image":{"@id":"https:\/\/historiaguara\u00ed.com.br\/#\/schema\/logo\/image\/"}}]}},"_links":{"self":[{"href":"https:\/\/historiaguara\u00ed.com.br\/index.php?rest_route=\/wp\/v2\/pages\/2431"}],"collection":[{"href":"https:\/\/historiaguara\u00ed.com.br\/index.php?rest_route=\/wp\/v2\/pages"}],"about":[{"href":"https:\/\/historiaguara\u00ed.com.br\/index.php?rest_route=\/wp\/v2\/types\/page"}],"author":[{"embeddable":true,"href":"https:\/\/historiaguara\u00ed.com.br\/index.php?rest_route=\/wp\/v2\/users\/1"}],"replies":[{"embeddable":true,"href":"https:\/\/historiaguara\u00ed.com.br\/index.php?rest_route=%2Fwp%2Fv2%2Fcomments&post=2431"}],"version-history":[{"count":13,"href":"https:\/\/historiaguara\u00ed.com.br\/index.php?rest_route=\/wp\/v2\/pages\/2431\/revisions"}],"predecessor-version":[{"id":2643,"href":"https:\/\/historiaguara\u00ed.com.br\/index.php?rest_route=\/wp\/v2\/pages\/2431\/revisions\/2643"}],"wp:attachment":[{"href":"https:\/\/historiaguara\u00ed.com.br\/index.php?rest_route=%2Fwp%2Fv2%2Fmedia&parent=2431"}],"curies":[{"name":"wp","href":"https:\/\/api.w.org\/{rel}","templated":true}]}}