{"id":2429,"date":"2024-08-29T14:32:38","date_gmt":"2024-08-29T17:32:38","guid":{"rendered":"https:\/\/historiaguara\u00ed.com.br\/?page_id=2429"},"modified":"2024-10-21T15:35:50","modified_gmt":"2024-10-21T18:35:50","slug":"pagina-principal","status":"publish","type":"page","link":"https:\/\/historiaguara\u00ed.com.br\/","title":{"rendered":"Home"},"content":{"rendered":"\t\t<div data-elementor-type=\"wp-page\" data-elementor-id=\"2429\" class=\"elementor elementor-2429\">\n\t\t\t\t<div class=\"elementor-element elementor-element-5abf061 e-flex e-con-boxed wpr-particle-no wpr-jarallax-no wpr-parallax-no wpr-sticky-section-no e-con e-parent\" data-id=\"5abf061\" data-element_type=\"container\" data-settings=\"{&quot;background_background&quot;:&quot;classic&quot;}\">\n\t\t\t\t\t<div class=\"e-con-inner\">\n\t\t\t\t<div class=\"elementor-element elementor-element-c00c2d7 elementor-widget elementor-widget-heading\" data-id=\"c00c2d7\" data-element_type=\"widget\" data-widget_type=\"heading.default\">\n\t\t\t\t<div class=\"elementor-widget-container\">\n\t\t\t<h2 class=\"elementor-heading-title elementor-size-default\">Descubra a cidade pela mem\u00f3rias dos moradores<\/h2>\t\t<\/div>\n\t\t\t\t<\/div>\n\t\t\t\t<div class=\"elementor-element elementor-element-248370c elementor-widget elementor-widget-heading\" data-id=\"248370c\" data-element_type=\"widget\" data-widget_type=\"heading.default\">\n\t\t\t\t<div class=\"elementor-widget-container\">\n\t\t\t<h2 class=\"elementor-heading-title elementor-size-default\">Conhe\u00e7a a hist\u00f3ria da estrada Bel\u00e9m-Bras\u00edlia com os moradores de Guara\u00ed (TO) <\/h2>\t\t<\/div>\n\t\t\t\t<\/div>\n\t\t\t\t\t<\/div>\n\t\t\t\t<\/div>\n\t\t<div class=\"elementor-element elementor-element-287e042 e-flex e-con-boxed wpr-particle-no wpr-jarallax-no wpr-parallax-no wpr-sticky-section-no e-con e-parent\" data-id=\"287e042\" data-element_type=\"container\" data-settings=\"{&quot;background_background&quot;:&quot;classic&quot;}\">\n\t\t\t\t\t<div class=\"e-con-inner\">\n\t\t\t\t<div class=\"elementor-element elementor-element-f63c3c3 elementor-widget elementor-widget-heading\" data-id=\"f63c3c3\" data-element_type=\"widget\" data-widget_type=\"heading.default\">\n\t\t\t\t<div class=\"elementor-widget-container\">\n\t\t\t<h2 class=\"elementor-heading-title elementor-size-default\">Acesse os materiais<\/h2>\t\t<\/div>\n\t\t\t\t<\/div>\n\t\t<div class=\"elementor-element elementor-element-9c4b628 e-grid e-con-full wpr-particle-no wpr-jarallax-no wpr-parallax-no wpr-sticky-section-no e-con e-child\" data-id=\"9c4b628\" data-element_type=\"container\">\n\t\t\t\t<div class=\"elementor-element elementor-element-81e5b12 elementor-view-stacked elementor-shape-circle elementor-position-top elementor-mobile-position-top elementor-widget elementor-widget-icon-box\" data-id=\"81e5b12\" data-element_type=\"widget\" data-widget_type=\"icon-box.default\">\n\t\t\t\t<div class=\"elementor-widget-container\">\n\t\t\t\t\t<div class=\"elementor-icon-box-wrapper\">\n\n\t\t\t\t\t\t<div class=\"elementor-icon-box-icon\">\n\t\t\t\t<span  class=\"elementor-icon elementor-animation-\">\n\t\t\t\t<svg aria-hidden=\"true\" class=\"e-font-icon-svg e-fas-book-open\" viewBox=\"0 0 576 512\" xmlns=\"http:\/\/www.w3.org\/2000\/svg\"><path d=\"M542.22 32.05c-54.8 3.11-163.72 14.43-230.96 55.59-4.64 2.84-7.27 7.89-7.27 13.17v363.87c0 11.55 12.63 18.85 23.28 13.49 69.18-34.82 169.23-44.32 218.7-46.92 16.89-.89 30.02-14.43 30.02-30.66V62.75c.01-17.71-15.35-31.74-33.77-30.7zM264.73 87.64C197.5 46.48 88.58 35.17 33.78 32.05 15.36 31.01 0 45.04 0 62.75V400.6c0 16.24 13.13 29.78 30.02 30.66 49.49 2.6 149.59 12.11 218.77 46.95 10.62 5.35 23.21-1.94 23.21-13.46V100.63c0-5.29-2.62-10.14-7.27-12.99z\"><\/path><\/svg>\t\t\t\t<\/span>\n\t\t\t<\/div>\n\t\t\t\n\t\t\t\t\t\t<div class=\"elementor-icon-box-content\">\n\n\t\t\t\t\t\t\t\t\t<h3 class=\"elementor-icon-box-title\">\n\t\t\t\t\t\t<span  >\n\t\t\t\t\t\t\tLeitura online\t\t\t\t\t\t<\/span>\n\t\t\t\t\t<\/h3>\n\t\t\t\t\n\t\t\t\t\t\t\t\t\t<p class=\"elementor-icon-box-description\">\n\t\t\t\t\t\tLeia o material direto do seu celular ou no seu computador.\t\t\t\t\t<\/p>\n\t\t\t\t\n\t\t\t<\/div>\n\t\t\t\n\t\t<\/div>\n\t\t\t\t<\/div>\n\t\t\t\t<\/div>\n\t\t\t\t<div class=\"elementor-element elementor-element-8d6dddc elementor-view-stacked elementor-shape-circle elementor-position-top elementor-mobile-position-top elementor-widget elementor-widget-icon-box\" data-id=\"8d6dddc\" data-element_type=\"widget\" data-widget_type=\"icon-box.default\">\n\t\t\t\t<div class=\"elementor-widget-container\">\n\t\t\t\t\t<div class=\"elementor-icon-box-wrapper\">\n\n\t\t\t\t\t\t<div class=\"elementor-icon-box-icon\">\n\t\t\t\t<span  class=\"elementor-icon elementor-animation-\">\n\t\t\t\t<svg aria-hidden=\"true\" class=\"e-font-icon-svg e-fas-file-download\" viewBox=\"0 0 384 512\" xmlns=\"http:\/\/www.w3.org\/2000\/svg\"><path d=\"M224 136V0H24C10.7 0 0 10.7 0 24v464c0 13.3 10.7 24 24 24h336c13.3 0 24-10.7 24-24V160H248c-13.2 0-24-10.8-24-24zm76.45 211.36l-96.42 95.7c-6.65 6.61-17.39 6.61-24.04 0l-96.42-95.7C73.42 337.29 80.54 320 94.82 320H160v-80c0-8.84 7.16-16 16-16h32c8.84 0 16 7.16 16 16v80h65.18c14.28 0 21.4 17.29 11.27 27.36zM377 105L279.1 7c-4.5-4.5-10.6-7-17-7H256v128h128v-6.1c0-6.3-2.5-12.4-7-16.9z\"><\/path><\/svg>\t\t\t\t<\/span>\n\t\t\t<\/div>\n\t\t\t\n\t\t\t\t\t\t<div class=\"elementor-icon-box-content\">\n\n\t\t\t\t\t\t\t\t\t<h3 class=\"elementor-icon-box-title\">\n\t\t\t\t\t\t<span  >\n\t\t\t\t\t\t\tDownload \t\t\t\t\t\t<\/span>\n\t\t\t\t\t<\/h3>\n\t\t\t\t\n\t\t\t\t\t\t\t\t\t<p class=\"elementor-icon-box-description\">\n\t\t\t\t\t\tAcesse o material em formato PDF.\t\t\t\t\t<\/p>\n\t\t\t\t\n\t\t\t<\/div>\n\t\t\t\n\t\t<\/div>\n\t\t\t\t<\/div>\n\t\t\t\t<\/div>\n\t\t\t\t<div class=\"elementor-element elementor-element-bae46a0 elementor-align-center elementor-widget elementor-widget-button\" data-id=\"bae46a0\" data-element_type=\"widget\" data-widget_type=\"button.default\">\n\t\t\t\t<div class=\"elementor-widget-container\">\n\t\t\t\t\t\t\t<div class=\"elementor-button-wrapper\">\n\t\t\t\t\t<a class=\"elementor-button elementor-button-link elementor-size-sm\" href=\"https:\/\/historiaguara\u00ed.com.br\/?page_id=2241\">\n\t\t\t\t\t\t<span class=\"elementor-button-content-wrapper\">\n\t\t\t\t\t\t\t\t\t<span class=\"elementor-button-text\">Clique aqui<\/span>\n\t\t\t\t\t<\/span>\n\t\t\t\t\t<\/a>\n\t\t\t\t<\/div>\n\t\t\t\t\t\t<\/div>\n\t\t\t\t<\/div>\n\t\t\t\t<div class=\"elementor-element elementor-element-3c6329c elementor-align-center elementor-widget elementor-widget-button\" data-id=\"3c6329c\" data-element_type=\"widget\" data-widget_type=\"button.default\">\n\t\t\t\t<div class=\"elementor-widget-container\">\n\t\t\t\t\t\t\t<div class=\"elementor-button-wrapper\">\n\t\t\t\t\t<a class=\"elementor-button elementor-button-link elementor-size-sm\" href=\"https:\/\/historiaguara\u00ed.com.br\/wp-content\/uploads\/2024\/10\/Estrada_Historia_digital.pdf\">\n\t\t\t\t\t\t<span class=\"elementor-button-content-wrapper\">\n\t\t\t\t\t\t\t\t\t<span class=\"elementor-button-text\">Clique aqui<\/span>\n\t\t\t\t\t<\/span>\n\t\t\t\t\t<\/a>\n\t\t\t\t<\/div>\n\t\t\t\t\t\t<\/div>\n\t\t\t\t<\/div>\n\t\t\t\t<\/div>\n\t\t\t\t\t<\/div>\n\t\t\t\t<\/div>\n\t\t<div class=\"elementor-element elementor-element-fb797d0 e-flex e-con-boxed wpr-particle-no wpr-jarallax-no wpr-parallax-no wpr-sticky-section-no e-con e-parent\" data-id=\"fb797d0\" data-element_type=\"container\">\n\t\t\t\t\t<div class=\"e-con-inner\">\n\t\t\t\t<div class=\"elementor-element elementor-element-4038214 elementor-widget elementor-widget-heading\" data-id=\"4038214\" data-element_type=\"widget\" data-widget_type=\"heading.default\">\n\t\t\t\t<div class=\"elementor-widget-container\">\n\t\t\t<h2 class=\"elementor-heading-title elementor-size-default\">Conhe\u00e7a nossa hist\u00f3ria<\/h2>\t\t<\/div>\n\t\t\t\t<\/div>\n\t\t\t\t<div class=\"elementor-element elementor-element-72cdbef elementor-arrows-position-outside elementor-widget elementor-widget-image-carousel\" data-id=\"72cdbef\" data-element_type=\"widget\" data-settings=\"{&quot;slides_to_show&quot;:&quot;4&quot;,&quot;navigation&quot;:&quot;arrows&quot;,&quot;image_spacing_custom&quot;:{&quot;unit&quot;:&quot;px&quot;,&quot;size&quot;:8,&quot;sizes&quot;:[]},&quot;autoplay&quot;:&quot;yes&quot;,&quot;pause_on_hover&quot;:&quot;yes&quot;,&quot;pause_on_interaction&quot;:&quot;yes&quot;,&quot;autoplay_speed&quot;:5000,&quot;infinite&quot;:&quot;yes&quot;,&quot;speed&quot;:500,&quot;image_spacing_custom_tablet&quot;:{&quot;unit&quot;:&quot;px&quot;,&quot;size&quot;:&quot;&quot;,&quot;sizes&quot;:[]},&quot;image_spacing_custom_mobile&quot;:{&quot;unit&quot;:&quot;px&quot;,&quot;size&quot;:&quot;&quot;,&quot;sizes&quot;:[]}}\" data-widget_type=\"image-carousel.default\">\n\t\t\t\t<div class=\"elementor-widget-container\">\n\t\t\t\t\t<div class=\"elementor-image-carousel-wrapper swiper\" dir=\"ltr\">\n\t\t\t<div class=\"elementor-image-carousel swiper-wrapper\" aria-live=\"off\">\n\t\t\t\t\t\t\t\t<div class=\"swiper-slide\" role=\"group\" aria-roledescription=\"slide\" aria-label=\"1 de 5\"><figure class=\"swiper-slide-inner\"><img decoding=\"async\" class=\"swiper-slide-image\" src=\"https:\/\/historiaguara\u00ed.com.br\/wp-content\/uploads\/2024\/09\/Tranferencia_Guarai-230x230.png\" alt=\"Imagem estilo paisagem. \u00c9 poss\u00edvel ver uma grande faixa de terra batida e ao centro v\u00e1rias pessoas e pequenas casas.\" \/><\/figure><\/div><div class=\"swiper-slide\" role=\"group\" aria-roledescription=\"slide\" aria-label=\"2 de 5\"><figure class=\"swiper-slide-inner\"><img decoding=\"async\" class=\"swiper-slide-image\" src=\"https:\/\/historiaguara\u00ed.com.br\/wp-content\/uploads\/2024\/09\/Casa_Silva_Albino-230x230.jpg\" alt=\"Imagem de um grupo de pessoas em frente do estabelecimento, pr\u00f3ximo do grupo h\u00e1 um fusca claro. Na parte de cima do estabelecimento \u00e9 poss\u00edvel ler &quot;Casa Silva de Albino Silva&quot;\" \/><\/figure><\/div><div class=\"swiper-slide\" role=\"group\" aria-roledescription=\"slide\" aria-label=\"3 de 5\"><figure class=\"swiper-slide-inner\"><img decoding=\"async\" class=\"swiper-slide-image\" src=\"https:\/\/historiaguara\u00ed.com.br\/wp-content\/uploads\/2024\/09\/Bar_Itamarati_Hotel-230x230.jpg\" alt=\"Imagem paisagem de um esquina de um bar. Na frente do estabelecimento tem um carro verde.\" \/><\/figure><\/div><div class=\"swiper-slide\" role=\"group\" aria-roledescription=\"slide\" aria-label=\"4 de 5\"><figure class=\"swiper-slide-inner\"><img decoding=\"async\" class=\"swiper-slide-image\" src=\"https:\/\/historiaguara\u00ed.com.br\/wp-content\/uploads\/2024\/09\/Onilo_obras-230x230.png\" alt=\"Imagem (retrato\/PB) mostrando um buraco fundo com 4 homens todos com equipamento de seguran\u00e7a.\" \/><\/figure><\/div><div class=\"swiper-slide\" role=\"group\" aria-roledescription=\"slide\" aria-label=\"5 de 5\"><figure class=\"swiper-slide-inner\"><img decoding=\"async\" class=\"swiper-slide-image\" src=\"https:\/\/historiaguara\u00ed.com.br\/wp-content\/uploads\/2024\/09\/primeiraescoladeguarai-230x230.png\" alt=\"Foto em estilo paisagem de uma pequena constru\u00e7\u00e3o e sem janela.\" \/><\/figure><\/div>\t\t\t<\/div>\n\t\t\t\t\t\t\t\t\t\t\t\t<div class=\"elementor-swiper-button elementor-swiper-button-prev\" role=\"button\" tabindex=\"0\">\n\t\t\t\t\t\t<svg aria-hidden=\"true\" class=\"e-font-icon-svg e-eicon-chevron-left\" viewBox=\"0 0 1000 1000\" xmlns=\"http:\/\/www.w3.org\/2000\/svg\"><path d=\"M646 125C629 125 613 133 604 142L308 442C296 454 292 471 292 487 292 504 296 521 308 533L604 854C617 867 629 875 646 875 663 875 679 871 692 858 704 846 713 829 713 812 713 796 708 779 692 767L438 487 692 225C700 217 708 204 708 187 708 171 704 154 692 142 675 129 663 125 646 125Z\"><\/path><\/svg>\t\t\t\t\t<\/div>\n\t\t\t\t\t<div class=\"elementor-swiper-button elementor-swiper-button-next\" role=\"button\" tabindex=\"0\">\n\t\t\t\t\t\t<svg aria-hidden=\"true\" class=\"e-font-icon-svg e-eicon-chevron-right\" viewBox=\"0 0 1000 1000\" xmlns=\"http:\/\/www.w3.org\/2000\/svg\"><path d=\"M696 533C708 521 713 504 713 487 713 471 708 454 696 446L400 146C388 133 375 125 354 125 338 125 325 129 313 142 300 154 292 171 292 187 292 204 296 221 308 233L563 492 304 771C292 783 288 800 288 817 288 833 296 850 308 863 321 871 338 875 354 875 371 875 388 867 400 854L696 533Z\"><\/path><\/svg>\t\t\t\t\t<\/div>\n\t\t\t\t\n\t\t\t\t\t\t\t\t\t<\/div>\n\t\t\t\t<\/div>\n\t\t\t\t<\/div>\n\t\t\t\t\t<\/div>\n\t\t\t\t<\/div>\n\t\t\t\t<\/div>\n\t\t","protected":false},"excerpt":{"rendered":"<p>Descubra a cidade pela mem\u00f3rias dos moradores Conhe\u00e7a a hist\u00f3ria da estrada Bel\u00e9m-Bras\u00edlia com os moradores de Guara\u00ed (TO) Acesse os materiais Leitura online Leia o material direto do seu celular ou no seu computador. Download Acesse o material em formato PDF. Clique aqui Clique aqui Conhe\u00e7a nossa hist\u00f3ria<\/p>\n","protected":false},"author":1,"featured_media":0,"parent":0,"menu_order":0,"comment_status":"closed","ping_status":"closed","template":"elementor_header_footer","meta":{"_monsterinsights_skip_tracking":false,"_monsterinsights_sitenote_active":false,"_monsterinsights_sitenote_note":"","_monsterinsights_sitenote_category":0,"footnotes":""},"class_list":["post-2429","page","type-page","status-publish","hentry"],"yoast_head":"<!-- This site is optimized with the Yoast SEO plugin v23.8 - https:\/\/yoast.com\/wordpress\/plugins\/seo\/ -->\n<title>Home - Estradas e Hist\u00f3rias<\/title>\n<meta name=\"description\" content=\"Conhe\u00e7a a Hist\u00f3ria da constru\u00e7\u00e3o da estrada Bel\u00e9m-Brasilia e a rela\u00e7\u00e3o com a cidade de Guara\u00ed (TO). Resultado do projeto de mestrado de Dionathan Fragoso.\" \/>\n<meta name=\"robots\" content=\"index, follow, max-snippet:-1, max-image-preview:large, max-video-preview:-1\" \/>\n<link rel=\"canonical\" href=\"https:\/\/historiaguara\u00ed.com.br\/\" \/>\n<meta property=\"og:locale\" content=\"pt_BR\" \/>\n<meta property=\"og:type\" content=\"article\" \/>\n<meta property=\"og:title\" content=\"Home - Estradas e Hist\u00f3rias\" \/>\n<meta property=\"og:description\" content=\"Conhe\u00e7a a Hist\u00f3ria da constru\u00e7\u00e3o da estrada Bel\u00e9m-Brasilia e a rela\u00e7\u00e3o com a cidade de Guara\u00ed (TO). Resultado do projeto de mestrado de Dionathan Fragoso.\" \/>\n<meta property=\"og:url\" content=\"https:\/\/historiaguara\u00ed.com.br\/\" \/>\n<meta property=\"og:site_name\" content=\"Estradas e Hist\u00f3rias\" \/>\n<meta property=\"article:modified_time\" content=\"2024-10-21T18:35:50+00:00\" \/>\n<meta property=\"og:image\" content=\"https:\/\/historiaguara\u00ed.com.br\/wp-content\/uploads\/2024\/08\/marca_2.png\" \/>\n\t<meta property=\"og:image:width\" content=\"251\" \/>\n\t<meta property=\"og:image:height\" content=\"84\" \/>\n\t<meta property=\"og:image:type\" content=\"image\/png\" \/>\n<meta name=\"twitter:card\" content=\"summary_large_image\" \/>\n<meta name=\"twitter:label1\" content=\"Est. tempo de leitura\" \/>\n\t<meta name=\"twitter:data1\" content=\"3 minutos\" \/>\n<script type=\"application\/ld+json\" class=\"yoast-schema-graph\">{\"@context\":\"https:\/\/schema.org\",\"@graph\":[{\"@type\":\"ScholarlyArticle\",\"@id\":\"https:\/\/historiaguara\u00ed.com.br\/#article\",\"isPartOf\":{\"@id\":\"https:\/\/historiaguara\u00ed.com.br\/\"},\"author\":{\"name\":\"dionathansoaresfragoso@gmail.com\",\"@id\":\"https:\/\/historiaguara\u00ed.com.br\/#\/schema\/person\/6f6060cba4791c9d1d189de28b97af77\"},\"headline\":\"Home\",\"datePublished\":\"2024-08-29T17:32:38+00:00\",\"dateModified\":\"2024-10-21T18:35:50+00:00\",\"mainEntityOfPage\":{\"@id\":\"https:\/\/historiaguara\u00ed.com.br\/\"},\"wordCount\":57,\"publisher\":{\"@id\":\"https:\/\/historiaguara\u00ed.com.br\/#organization\"},\"inLanguage\":\"pt-BR\"},{\"@type\":\"WebPage\",\"@id\":\"https:\/\/historiaguara\u00ed.com.br\/\",\"url\":\"https:\/\/historiaguara\u00ed.com.br\/\",\"name\":\"Home - Estradas e Hist\u00f3rias\",\"isPartOf\":{\"@id\":\"https:\/\/historiaguara\u00ed.com.br\/#website\"},\"datePublished\":\"2024-08-29T17:32:38+00:00\",\"dateModified\":\"2024-10-21T18:35:50+00:00\",\"description\":\"Conhe\u00e7a a Hist\u00f3ria da constru\u00e7\u00e3o da estrada Bel\u00e9m-Brasilia e a rela\u00e7\u00e3o com a cidade de Guara\u00ed (TO). Resultado do projeto de mestrado de Dionathan Fragoso.\",\"breadcrumb\":{\"@id\":\"https:\/\/historiaguara\u00ed.com.br\/#breadcrumb\"},\"inLanguage\":\"pt-BR\",\"potentialAction\":[{\"@type\":\"ReadAction\",\"target\":[\"https:\/\/historiaguara\u00ed.com.br\/\"]}]},{\"@type\":\"BreadcrumbList\",\"@id\":\"https:\/\/historiaguara\u00ed.com.br\/#breadcrumb\",\"itemListElement\":[{\"@type\":\"ListItem\",\"position\":1,\"name\":\"In\u00edcio\",\"item\":\"https:\/\/historiaguara\u00ed.com.br\/\"},{\"@type\":\"ListItem\",\"position\":2,\"name\":\"Home\"}]},{\"@type\":\"WebSite\",\"@id\":\"https:\/\/historiaguara\u00ed.com.br\/#website\",\"url\":\"https:\/\/historiaguara\u00ed.com.br\/\",\"name\":\"Estradas e Hist\u00f3rias\",\"description\":\"Conhe\u00e7a a rodovia Bel\u00e9m-Bras\u00edlia pela mem\u00f3ria\",\"publisher\":{\"@id\":\"https:\/\/historiaguara\u00ed.com.br\/#organization\"},\"potentialAction\":[{\"@type\":\"SearchAction\",\"target\":{\"@type\":\"EntryPoint\",\"urlTemplate\":\"https:\/\/historiaguara\u00ed.com.br\/?s={search_term_string}\"},\"query-input\":{\"@type\":\"PropertyValueSpecification\",\"valueRequired\":true,\"valueName\":\"search_term_string\"}}],\"inLanguage\":\"pt-BR\"},{\"@type\":\"Organization\",\"@id\":\"https:\/\/historiaguara\u00ed.com.br\/#organization\",\"name\":\"Estradas e Hist\u00f3rias\",\"url\":\"https:\/\/historiaguara\u00ed.com.br\/\",\"logo\":{\"@type\":\"ImageObject\",\"inLanguage\":\"pt-BR\",\"@id\":\"https:\/\/historiaguara\u00ed.com.br\/#\/schema\/logo\/image\/\",\"url\":\"https:\/\/historiaguara\u00ed.com.br\/wp-content\/uploads\/2024\/08\/marca_2.png\",\"contentUrl\":\"https:\/\/historiaguara\u00ed.com.br\/wp-content\/uploads\/2024\/08\/marca_2.png\",\"width\":251,\"height\":84,\"caption\":\"Estradas e Hist\u00f3rias\"},\"image\":{\"@id\":\"https:\/\/historiaguara\u00ed.com.br\/#\/schema\/logo\/image\/\"}},{\"@type\":\"Person\",\"@id\":\"https:\/\/historiaguara\u00ed.com.br\/#\/schema\/person\/6f6060cba4791c9d1d189de28b97af77\",\"name\":\"dionathansoaresfragoso@gmail.com\",\"image\":{\"@type\":\"ImageObject\",\"inLanguage\":\"pt-BR\",\"@id\":\"https:\/\/historiaguara\u00ed.com.br\/#\/schema\/person\/image\/\",\"url\":\"https:\/\/historiaguara\u00ed.com.br\/wp-content\/litespeed\/avatar\/8c067c09219df7695a8a7b4756bfdd93.jpg?ver=1777619027\",\"contentUrl\":\"https:\/\/historiaguara\u00ed.com.br\/wp-content\/litespeed\/avatar\/8c067c09219df7695a8a7b4756bfdd93.jpg?ver=1777619027\",\"caption\":\"dionathansoaresfragoso@gmail.com\"},\"sameAs\":[\"http:\/\/xn--historiaguara-8ib.com.br\"],\"url\":\"https:\/\/historiaguara\u00ed.com.br\/?author=1\"}]}<\/script>\n<!-- \/ Yoast SEO plugin. -->","yoast_head_json":{"title":"Home - Estradas e Hist\u00f3rias","description":"Conhe\u00e7a a Hist\u00f3ria da constru\u00e7\u00e3o da estrada Bel\u00e9m-Brasilia e a rela\u00e7\u00e3o com a cidade de Guara\u00ed (TO). Resultado do projeto de mestrado de Dionathan Fragoso.","robots":{"index":"index","follow":"follow","max-snippet":"max-snippet:-1","max-image-preview":"max-image-preview:large","max-video-preview":"max-video-preview:-1"},"canonical":"https:\/\/historiaguara\u00ed.com.br\/","og_locale":"pt_BR","og_type":"article","og_title":"Home - Estradas e Hist\u00f3rias","og_description":"Conhe\u00e7a a Hist\u00f3ria da constru\u00e7\u00e3o da estrada Bel\u00e9m-Brasilia e a rela\u00e7\u00e3o com a cidade de Guara\u00ed (TO). Resultado do projeto de mestrado de Dionathan Fragoso.","og_url":"https:\/\/historiaguara\u00ed.com.br\/","og_site_name":"Estradas e Hist\u00f3rias","article_modified_time":"2024-10-21T18:35:50+00:00","og_image":[{"width":251,"height":84,"url":"https:\/\/historiaguara\u00ed.com.br\/wp-content\/uploads\/2024\/08\/marca_2.png","type":"image\/png"}],"twitter_card":"summary_large_image","twitter_misc":{"Est. tempo de leitura":"3 minutos"},"schema":{"@context":"https:\/\/schema.org","@graph":[{"@type":"ScholarlyArticle","@id":"https:\/\/historiaguara\u00ed.com.br\/#article","isPartOf":{"@id":"https:\/\/historiaguara\u00ed.com.br\/"},"author":{"name":"dionathansoaresfragoso@gmail.com","@id":"https:\/\/historiaguara\u00ed.com.br\/#\/schema\/person\/6f6060cba4791c9d1d189de28b97af77"},"headline":"Home","datePublished":"2024-08-29T17:32:38+00:00","dateModified":"2024-10-21T18:35:50+00:00","mainEntityOfPage":{"@id":"https:\/\/historiaguara\u00ed.com.br\/"},"wordCount":57,"publisher":{"@id":"https:\/\/historiaguara\u00ed.com.br\/#organization"},"inLanguage":"pt-BR"},{"@type":"WebPage","@id":"https:\/\/historiaguara\u00ed.com.br\/","url":"https:\/\/historiaguara\u00ed.com.br\/","name":"Home - Estradas e Hist\u00f3rias","isPartOf":{"@id":"https:\/\/historiaguara\u00ed.com.br\/#website"},"datePublished":"2024-08-29T17:32:38+00:00","dateModified":"2024-10-21T18:35:50+00:00","description":"Conhe\u00e7a a Hist\u00f3ria da constru\u00e7\u00e3o da estrada Bel\u00e9m-Brasilia e a rela\u00e7\u00e3o com a cidade de Guara\u00ed (TO). Resultado do projeto de mestrado de Dionathan Fragoso.","breadcrumb":{"@id":"https:\/\/historiaguara\u00ed.com.br\/#breadcrumb"},"inLanguage":"pt-BR","potentialAction":[{"@type":"ReadAction","target":["https:\/\/historiaguara\u00ed.com.br\/"]}]},{"@type":"BreadcrumbList","@id":"https:\/\/historiaguara\u00ed.com.br\/#breadcrumb","itemListElement":[{"@type":"ListItem","position":1,"name":"In\u00edcio","item":"https:\/\/historiaguara\u00ed.com.br\/"},{"@type":"ListItem","position":2,"name":"Home"}]},{"@type":"WebSite","@id":"https:\/\/historiaguara\u00ed.com.br\/#website","url":"https:\/\/historiaguara\u00ed.com.br\/","name":"Estradas e Hist\u00f3rias","description":"Conhe\u00e7a a rodovia Bel\u00e9m-Bras\u00edlia pela mem\u00f3ria","publisher":{"@id":"https:\/\/historiaguara\u00ed.com.br\/#organization"},"potentialAction":[{"@type":"SearchAction","target":{"@type":"EntryPoint","urlTemplate":"https:\/\/historiaguara\u00ed.com.br\/?s={search_term_string}"},"query-input":{"@type":"PropertyValueSpecification","valueRequired":true,"valueName":"search_term_string"}}],"inLanguage":"pt-BR"},{"@type":"Organization","@id":"https:\/\/historiaguara\u00ed.com.br\/#organization","name":"Estradas e Hist\u00f3rias","url":"https:\/\/historiaguara\u00ed.com.br\/","logo":{"@type":"ImageObject","inLanguage":"pt-BR","@id":"https:\/\/historiaguara\u00ed.com.br\/#\/schema\/logo\/image\/","url":"https:\/\/historiaguara\u00ed.com.br\/wp-content\/uploads\/2024\/08\/marca_2.png","contentUrl":"https:\/\/historiaguara\u00ed.com.br\/wp-content\/uploads\/2024\/08\/marca_2.png","width":251,"height":84,"caption":"Estradas e Hist\u00f3rias"},"image":{"@id":"https:\/\/historiaguara\u00ed.com.br\/#\/schema\/logo\/image\/"}},{"@type":"Person","@id":"https:\/\/historiaguara\u00ed.com.br\/#\/schema\/person\/6f6060cba4791c9d1d189de28b97af77","name":"dionathansoaresfragoso@gmail.com","image":{"@type":"ImageObject","inLanguage":"pt-BR","@id":"https:\/\/historiaguara\u00ed.com.br\/#\/schema\/person\/image\/","url":"https:\/\/historiaguara\u00ed.com.br\/wp-content\/litespeed\/avatar\/8c067c09219df7695a8a7b4756bfdd93.jpg?ver=1777619027","contentUrl":"https:\/\/historiaguara\u00ed.com.br\/wp-content\/litespeed\/avatar\/8c067c09219df7695a8a7b4756bfdd93.jpg?ver=1777619027","caption":"dionathansoaresfragoso@gmail.com"},"sameAs":["http:\/\/xn--historiaguara-8ib.com.br"],"url":"https:\/\/historiaguara\u00ed.com.br\/?author=1"}]}},"_links":{"self":[{"href":"https:\/\/historiaguara\u00ed.com.br\/index.php?rest_route=\/wp\/v2\/pages\/2429"}],"collection":[{"href":"https:\/\/historiaguara\u00ed.com.br\/index.php?rest_route=\/wp\/v2\/pages"}],"about":[{"href":"https:\/\/historiaguara\u00ed.com.br\/index.php?rest_route=\/wp\/v2\/types\/page"}],"author":[{"embeddable":true,"href":"https:\/\/historiaguara\u00ed.com.br\/index.php?rest_route=\/wp\/v2\/users\/1"}],"replies":[{"embeddable":true,"href":"https:\/\/historiaguara\u00ed.com.br\/index.php?rest_route=%2Fwp%2Fv2%2Fcomments&post=2429"}],"version-history":[{"count":47,"href":"https:\/\/historiaguara\u00ed.com.br\/index.php?rest_route=\/wp\/v2\/pages\/2429\/revisions"}],"predecessor-version":[{"id":2662,"href":"https:\/\/historiaguara\u00ed.com.br\/index.php?rest_route=\/wp\/v2\/pages\/2429\/revisions\/2662"}],"wp:attachment":[{"href":"https:\/\/historiaguara\u00ed.com.br\/index.php?rest_route=%2Fwp%2Fv2%2Fmedia&parent=2429"}],"curies":[{"name":"wp","href":"https:\/\/api.w.org\/{rel}","templated":true}]}}